{"id":54,"date":"2022-04-05T18:57:51","date_gmt":"2022-04-05T18:57:51","guid":{"rendered":"https:\/\/siwinski.ptmw.art.pl\/?page_id=54"},"modified":"2023-06-14T11:12:25","modified_gmt":"2023-06-14T11:12:25","slug":"utwory","status":"publish","type":"page","link":"https:\/\/siwinski.art\/?page_id=54","title":{"rendered":"UTWORY"},"content":{"rendered":"\t\t<div data-elementor-type=\"wp-page\" data-elementor-id=\"54\" class=\"elementor elementor-54\">\n\t\t\t\t\t\t<section class=\"elementor-section elementor-top-section elementor-element elementor-element-dfa458a elementor-section-boxed elementor-section-height-default elementor-section-height-default\" data-id=\"dfa458a\" data-element_type=\"section\">\n\t\t\t\t\t\t<div class=\"elementor-container elementor-column-gap-default\">\n\t\t\t\t\t<div class=\"elementor-column elementor-col-100 elementor-top-column elementor-element elementor-element-aa85608\" data-id=\"aa85608\" data-element_type=\"column\">\n\t\t\t<div class=\"elementor-widget-wrap elementor-element-populated\">\n\t\t\t\t\t\t<div class=\"elementor-element elementor-element-7e78e61 elementor-widget elementor-widget-text-editor\" data-id=\"7e78e61\" data-element_type=\"widget\" data-widget_type=\"text-editor.default\">\n\t\t\t\t<div class=\"elementor-widget-container\">\n\t\t\t\t\t\t\t\t\t<h4 style=\"text-align: left;\"><span style=\"color: #f4fae6;\">Wybrane utwory<\/span><\/h4><ul><li><a href=\"https:\/\/www.youtube.com\/watch?v=WkQAFw6BGf0\" target=\"_blank\" rel=\"noopener\"><em>Trio<\/em><\/a> <span style=\"color: #f4fae6;\">na flet, skrzypce i fortepian (2020)<\/span><\/li><li><span style=\"color: #f4fae6;\"><em>Aurea<\/em> muzyka elektroniczna (2020)<\/span><\/li><li><span style=\"color: #f4fae6;\"><em>Gismondo<\/em> na dwa flety i fortepian (2020)<\/span><\/li><li><span style=\"color: #f4fae6;\"><em>Aria<\/em> na flet, klarnet, skrzypce i wiolonczel\u0119 (2020)<\/span><\/li><li><span style=\"color: #f4fae6;\"><em>Walce urojone<\/em> na fortepian autonomiczny (2019)<\/span><\/li><li><span style=\"color: #f4fae6;\"><em>Trzy postacie w kolorze<\/em> na dwa flety i organy (2018)<\/span><\/li><li><a href=\"https:\/\/www.youtube.com\/watch?v=epAYknvnCBA\" target=\"_blank\" rel=\"noopener\"><em>Opowie\u015b\u0107 z p\u0142ytkiego morza<\/em><\/a> <span style=\"color: #f4fae6;\">na zesp\u00f3\u0142 kameralny (2017)<\/span><\/li><li><a href=\"https:\/\/www.youtube.com\/watch?v=okelvqF0MnQ\" target=\"_blank\" rel=\"noopener\"><em>Je\u017celi<\/em><\/a> <span style=\"color: #f4fae6;\">na sopran, kwartet smyczkowy i fortepian autonomiczny, do s\u0142\u00f3w Agnieszki Syskiej (2016)<\/span><\/li><li><a href=\"https:\/\/soundcloud.com\/jaroslaw-siwinski\/hubtub-2016\" target=\"_blank\" rel=\"noopener\"><em>HubTub<\/em><\/a> <span style=\"color: #f4fae6;\">na tub\u0119 i zesp\u00f3\u0142 (2016)<\/span><\/li><li><span style=\"color: #f4fae6;\"><em>Industrial music<\/em> na zesp\u00f3\u0142 tradycyjnych instrument\u00f3w chi\u0144skich (2015)<\/span><\/li><li><a href=\"https:\/\/www.youtube.com\/watch?v=J7-vWiwh3Qc\" target=\"_blank\" rel=\"noopener\"><em>Toccata<\/em><\/a> <span style=\"color: #f4fae6;\">na skrzypce i fortepian (2015)<\/span><\/li><li><span style=\"color: #f4fae6;\"><em>Timecode<\/em> na zesp\u00f3\u0142 kameralny i ta\u015bm\u0119 (2015)<\/span><\/li><li><a href=\"https:\/\/soundcloud.com\/jaroslaw-siwinski\/cut-out-for-tape-2014\" target=\"_blank\" rel=\"noopener\"><em>Wycinanka<\/em><\/a> <span style=\"color: #f4fae6;\">na ta\u015bm\u0119 (2014)<\/span><\/li><li><span style=\"color: #f4fae6;\"><em>Via caelestis<\/em> na zesp\u00f3\u0142 kameralny (2014)<\/span><\/li><li><a href=\"https:\/\/www.youtube.com\/watch?v=UvcBXxr8wlA\" target=\"_blank\" rel=\"noopener\"><em>Tamta strona okaza\u0142a si\u0119<\/em><\/a> <span style=\"color: #f4fae6;\">na sopran i zesp\u00f3\u0142 kameralny, do s\u0142\u00f3w Agnieszki Syskiej (2014)<\/span><\/li><li><span style=\"color: #f4fae6;\"><em>Sonata g-moll<\/em> na dwa fortepiany i dwie perkusje (2013)<\/span><\/li><li><a href=\"https:\/\/soundcloud.com\/jaroslaw-siwinski\/sestetto-2013-fragment\" target=\"_blank\" rel=\"noopener\"><em>Sestetto<\/em><\/a> <span style=\"color: #f4fae6;\">na fortepian, kwartet smyczkowy i kontrabas (2013)<\/span><\/li><li><a href=\"https:\/\/soundcloud.com\/jaroslaw-siwinski\/wariacja-25-12\" target=\"_blank\" rel=\"noopener\"><em>Chopin Elements<\/em><\/a> <span style=\"color: #f4fae6;\">na fortepian autonomiczny (2012)<\/span><\/li><li><a href=\"https:\/\/www.youtube.com\/watch?v=EoXwNIbJS3g\" target=\"_blank\" rel=\"noopener\"><em>Kinefaktura<\/em><\/a> <span style=\"color: #f4fae6;\">re\u017c. Marcin Gi\u017cycki (muzyka do filmu 2012)<\/span><\/li><li><span style=\"color: #f4fae6;\"><em>Annalena<\/em> na baryton i orkiestr\u0119<\/span> <span style=\"color: #f4fae6;\">smyczkow\u0105, do s\u0142\u00f3w Czes\u0142awa Mi\u0142osza (2011)<\/span><\/li><li><span style=\"color: #f4fae6;\"><em>Epilogos<\/em> na ta\u015bm\u0119 &#8211; kompozycja kolektywna wraz z Eugeniuszem Rudnikiem i Boles\u0142awem B\u0142aszczykiem (2007)<\/span><\/li><li><a href=\"https:\/\/soundcloud.com\/jaroslaw-siwinski\/polish-songs-2006-for-tape\" target=\"_blank\" rel=\"noopener\"><em>Pie\u015bni polskie<\/em><\/a> <span style=\"color: #f4fae6;\">na ta\u015bm\u0119 (2006)<\/span><\/li><li><a href=\"https:\/\/soundcloud.com\/jaroslaw-siwinski\/movement-for-orchestra-2006-fragment\" target=\"_blank\" rel=\"noopener\"><em>Movement<\/em><\/a> <span style=\"color: #f4fae6;\">na orkiestr\u0119 (2006)<\/span><\/li><li><a href=\"https:\/\/soundcloud.com\/jaroslaw-siwinski\/hominibus-for-orchestra\" target=\"_blank\" rel=\"noopener\"><em>Hominibus<\/em><\/a> <span style=\"color: #f4fae6;\">na orkiestr\u0119 (2002)<\/span><\/li><li><a href=\"https:\/\/soundcloud.com\/jaroslaw-siwinski\/piano-quintet-fragment\" target=\"_blank\" rel=\"noopener\"><em>Kwintet fortepianowy<\/em><\/a> <span style=\"color: #f4fae6;\">(1998)<\/span><\/li><li><a href=\"https:\/\/soundcloud.com\/jaroslaw-siwinski\/notarimbalo-for-harpsichord-and-tape-1998-fragment\" target=\"_blank\" rel=\"noopener\"><em>Notarimbalo<\/em><\/a> <span style=\"color: #f4fae6;\">na klawesyn i ta\u015bm\u0119 (1994)<\/span><\/li><li><span style=\"color: #f4fae6;\"><em>Pianerecerto<\/em> na fortepian i zesp\u00f3\u0142 (1994)<\/span><\/li><li><a href=\"https:\/\/soundcloud.com\/jaroslaw-siwinski\/notari-e-m\" target=\"_blank\" rel=\"noopener\"><em>Notari, E.M.<\/em><\/a> <span style=\"color: #f4fae6;\">na ta\u015bm\u0119 (1992)<\/span><\/li><li><span style=\"color: #f4fae6;\"><em>Postrzeganie muzyki jest procesem skomplikowanym i nie do ko\u0144ca klarownym<\/em> na ta\u015bm\u0119, fortepian i skrzypce (1990)<\/span><\/li><li><span style=\"color: #f4fae6;\"><em>Zamglone oko d\u017cd\u017cownicy<\/em> na amplifikowany flet piccolo i dwie perkusje (1989)<\/span><\/li><\/ul><h4 style=\"text-align: left;\"><span style=\"color: #f4fae6;\">Wybrane utwory dla publiczno\u015bci dzieci\u0119cej<\/span><\/h4><ul><li><a href=\"https:\/\/www.youtube.com\/watch?v=QyDylSUR9Bo\"><em>Ornitologia<\/em><\/a> <span style=\"color: #f4fae6;\">na sopran i orkiestr\u0119 kameraln\u0105, do s\u0142\u00f3w Ma\u0142gorzaty Ko\u0142cz (2017)<\/span><\/li><li><a href=\"https:\/\/www.youtube.com\/watch?v=c7d102fg9jk\"><em>Milcz\u0105ca Rybka<\/em><\/a> <span style=\"color: #f4fae6;\">mikroopera dla dzieci, libretto: Ma\u0142gorzata Ko\u0142cz (2016)<\/span><\/li><li><a href=\"https:\/\/www.youtube.com\/watch?v=U1bpkQ_5O1o&amp;t=23s\" target=\"_blank\" rel=\"noopener\"><em>O wariacjach i odmie\u0144cach<\/em><\/a> <span style=\"color: #f4fae6;\">animowany film edukacyjny (2016)<\/span><\/li><li><span style=\"color: #f4fae6;\"><em>Artyku\u0142y spo\u017cywcze<\/em><\/span> <span style=\"color: #f4fae6;\">na kwartet d\u0119ty drewniany i ta\u015bm\u0119, do s\u0142\u00f3w Ma\u0142gorzaty Ko\u0142cz (2015)<\/span><\/li><li><span style=\"color: #f4fae6;\"><em>Wariacje i odmie\u0144ce<\/em> na zesp\u00f3\u0142 kameralny, wideo i publiczno\u015b\u0107 dzieci\u0119c\u0105, do s\u0142\u00f3w Ma\u0142gorzaty Ko\u0142cz (2013)<\/span><\/li><li><span style=\"color: #f4fae6;\"><em>Wokalizja<\/em> na fortepian, cztery g\u0142osy i publiczno\u015b\u0107 dzieci\u0119c\u0105 (2010)<\/span><\/li><li><span style=\"color: #f4fae6;\"><em>Gra-nie-gra<\/em> na kwartet d\u0119ty drewniany, parawany i publiczno\u015b\u0107 dzieci\u0119c\u0105 (2009)<\/span><\/li><li><a href=\"https:\/\/soundcloud.com\/jaroslaw-siwinski\/scared-phantom-of-the-opera-2010\"><em>Czego si\u0119 boi operowa zjawa<\/em><\/a> <span style=\"color: #f4fae6;\">na ta\u015bm\u0119 (2010)<\/span><\/li><li><a href=\"https:\/\/soundcloud.com\/jaroslaw-siwinski\/time-machine-2005\" target=\"_blank\" rel=\"noopener\"><em>Maszyna czasu<\/em><\/a> <span style=\"color: #f4fae6;\">na ta\u015bm\u0119 (2005)<\/span><\/li><li><span style=\"color: #f4fae6;\"><em>Towarzystwo Przyjaci\u00f3\u0142 Pary<\/em> na fortepian, perkusj\u0119 i publiczno\u015b\u0107 dzieci\u0119c\u0105 (2004)<\/span><\/li><li><span style=\"color: #f4fae6;\"><em>Orkiestra Peronowa<\/em> na fortepian i perkusj\u0119 (2004)<\/span><\/li><li><a href=\"https:\/\/soundcloud.com\/jaroslaw-siwinski\/locomotive\" target=\"_blank\" rel=\"noopener\"><em>Lokomotywa<\/em><\/a> <span style=\"color: #f4fae6;\">na ta\u015bm\u0119, do s\u0142\u00f3w Juliana Tuwima (2003)<\/span><\/li><li><span style=\"color: #f4fae6;\"><em>Zegarynka<\/em> na fortepian preparowany, perkusj\u0119, zegarynk\u0119 i publiczno\u015b\u0107 dzieci\u0119c\u0105 (1998)<\/span><\/li><li><span style=\"color: #f4fae6;\"><em>Dominobajki<\/em> na fortepian, perkusj\u0119 i publiczno\u015b\u0107 dzieci\u0119c\u0105 (1997)<\/span><\/li><li><span style=\"color: #f4fae6;\"><em>O czym \u015bni\u0105 piani\u015bci<\/em> na fortepian (dw\u00f3ch wykonawc\u00f3w) (1995)<\/span><\/li><\/ul>\t\t\t\t\t\t\t\t<\/div>\n\t\t\t\t<\/div>\n\t\t\t\t\t<\/div>\n\t\t<\/div>\n\t\t\t\t\t<\/div>\n\t\t<\/section>\n\t\t\t\t<\/div>\n\t\t","protected":false},"excerpt":{"rendered":"<p>Wybrane utwory Trio na flet, skrzypce i fortepian (2020) Aurea muzyka elektroniczna (2020) Gismondo na dwa flety i fortepian (2020) Aria na flet, klarnet, skrzypce i wiolonczel\u0119 (2020) Walce urojone na fortepian autonomiczny (2019) Trzy postacie w kolorze na dwa flety i organy (2018) Opowie\u015b\u0107 z p\u0142ytkiego morza na zesp\u00f3\u0142 kameralny (2017) Je\u017celi na sopran,&hellip;&nbsp;<a href=\"https:\/\/siwinski.art\/?page_id=54\" rel=\"bookmark\">Dowiedz si\u0119 wi\u0119cej &raquo;<span class=\"screen-reader-text\">UTWORY<\/span><\/a><\/p>\n","protected":false},"author":1,"featured_media":0,"parent":0,"menu_order":0,"comment_status":"closed","ping_status":"closed","template":"","meta":{"neve_meta_sidebar":"default","neve_meta_container":"default","neve_meta_enable_content_width":"","neve_meta_content_width":0,"neve_meta_title_alignment":"","neve_meta_author_avatar":"","neve_post_elements_order":"","neve_meta_disable_header":"off","neve_meta_disable_footer":"","neve_meta_disable_title":"on","footnotes":""},"class_list":["post-54","page","type-page","status-publish","hentry"],"_links":{"self":[{"href":"https:\/\/siwinski.art\/index.php?rest_route=\/wp\/v2\/pages\/54","targetHints":{"allow":["GET"]}}],"collection":[{"href":"https:\/\/siwinski.art\/index.php?rest_route=\/wp\/v2\/pages"}],"about":[{"href":"https:\/\/siwinski.art\/index.php?rest_route=\/wp\/v2\/types\/page"}],"author":[{"embeddable":true,"href":"https:\/\/siwinski.art\/index.php?rest_route=\/wp\/v2\/users\/1"}],"replies":[{"embeddable":true,"href":"https:\/\/siwinski.art\/index.php?rest_route=%2Fwp%2Fv2%2Fcomments&post=54"}],"version-history":[{"count":96,"href":"https:\/\/siwinski.art\/index.php?rest_route=\/wp\/v2\/pages\/54\/revisions"}],"predecessor-version":[{"id":825,"href":"https:\/\/siwinski.art\/index.php?rest_route=\/wp\/v2\/pages\/54\/revisions\/825"}],"wp:attachment":[{"href":"https:\/\/siwinski.art\/index.php?rest_route=%2Fwp%2Fv2%2Fmedia&parent=54"}],"curies":[{"name":"wp","href":"https:\/\/api.w.org\/{rel}","templated":true}]}}