{"id":50,"date":"2022-04-05T18:57:20","date_gmt":"2022-04-05T18:57:20","guid":{"rendered":"https:\/\/siwinski.ptmw.art.pl\/?page_id=50"},"modified":"2023-06-13T23:44:50","modified_gmt":"2023-06-13T23:44:50","slug":"audio","status":"publish","type":"page","link":"https:\/\/siwinski.art\/?page_id=50","title":{"rendered":"AUDIO"},"content":{"rendered":"\t\t<div data-elementor-type=\"wp-page\" data-elementor-id=\"50\" class=\"elementor elementor-50\">\n\t\t\t\t\t\t<section class=\"elementor-section elementor-top-section elementor-element elementor-element-e43bab8 elementor-section-boxed elementor-section-height-default elementor-section-height-default\" data-id=\"e43bab8\" data-element_type=\"section\">\n\t\t\t\t\t\t<div class=\"elementor-container elementor-column-gap-default\">\n\t\t\t\t\t<div class=\"elementor-column elementor-col-100 elementor-top-column elementor-element elementor-element-f7bb2fb\" data-id=\"f7bb2fb\" data-element_type=\"column\">\n\t\t\t<div class=\"elementor-widget-wrap elementor-element-populated\">\n\t\t\t\t\t\t<div class=\"elementor-element elementor-element-de43ab9 elementor-widget elementor-widget-text-editor\" data-id=\"de43ab9\" data-element_type=\"widget\" data-widget_type=\"text-editor.default\">\n\t\t\t\t<div class=\"elementor-widget-container\">\n\t\t\t\t\t\t\t\t\t<h4><span style=\"color: #f4fae6;\">Nagrania audio<\/span><\/h4><ul><li><a href=\"https:\/\/soundcloud.com\/jaroslaw-siwinski\/hubtub-2016\" target=\"_blank\" rel=\"noopener\"><span class=\"Normal-C-C1\"><em>HubTub<\/em><\/span><\/a> <span style=\"color: #f4fae6;\"><span class=\"Normal-C-C2\">na tub\u0119 i zesp\u00f3\u0142 (20<\/span><span class=\"Normal-C-C2\">16)<\/span><\/span><\/li><li><a href=\"https:\/\/soundcloud.com\/jaroslaw-siwinski\/cut-out-for-tape-2014\" target=\"_blank\" rel=\"noopener\"><span class=\"Normal-C-C1\"><em>Wycinanka<\/em><\/span><\/a> <span class=\"Normal-C-C2\" style=\"color: #f4fae6;\">na ta\u015bm\u0119 (2014)<\/span><\/li><li><a href=\"https:\/\/soundcloud.com\/jaroslaw-siwinski\/sestetto-2013-fragment\" target=\"_blank\" rel=\"noopener\"><span class=\"Normal-C-C1\"><em>Sestetto<\/em><\/span><\/a> <span class=\"Normal-C-C2\" style=\"color: #f4fae6;\">na fortepian, kwartet smyczkowy i kontrabas (2013)<\/span><\/li><li><a href=\"https:\/\/soundcloud.com\/jaroslaw-siwinski\/wariacja-25-12\" target=\"_blank\" rel=\"noopener\"><em><span class=\"Normal-C-C1\">Chopin Elements<\/span> \u2013 Wariacja 25_12<\/em><\/a><span class=\"Normal-C-C2\" style=\"color: #f4fae6;\"> na fortepian autonomiczny lub fortepian MIDI (2012)<\/span><\/li><li><a href=\"https:\/\/soundcloud.com\/jaroslaw-siwinski\/scared-phantom-of-the-opera-2010\" target=\"_blank\" rel=\"noopener\"><span class=\"Normal-C-C1\"><em>Czego si\u0119 boi operowa zjawa<\/em><\/span><\/a> <span class=\"Normal-C-C2\" style=\"color: #f4fae6;\">na ta\u015bm\u0119 (2010)<\/span><\/li><li><a href=\"https:\/\/soundcloud.com\/jaroslaw-siwinski\/polish-songs-2006-for-tape\" target=\"_blank\" rel=\"noopener\"><em><span class=\"Normal-C-C3\">P<\/span><\/em><span class=\"Normal-C-C1\"><em>ie\u015bni polskie<\/em><\/span><\/a> <span style=\"color: #f4fae6;\"><span class=\"Normal-C-C2\">na <\/span><span class=\"Normal-C-C2\">ta\u015bm\u0119 (2006)<\/span><\/span><\/li><li><a href=\"https:\/\/soundcloud.com\/jaroslaw-siwinski\/movement-for-orchestra-2006-fragment\" target=\"_blank\" rel=\"noopener\"><span class=\"Normal-C-C1\"><em>Movement<\/em><\/span><\/a><span class=\"Normal-C-C2\" style=\"color: #f4fae6;\"> na orkiestr\u0119 (2006)<\/span><\/li><li><a href=\"https:\/\/soundcloud.com\/jaroslaw-siwinski\/time-machine-2005\" target=\"_blank\" rel=\"noopener\"><span class=\"Normal-C-C1\"><em>Maszyna czasu<\/em><\/span><\/a><span style=\"color: #f4fae6;\"> na ta\u015bm\u0119 (2005)<\/span><\/li><li><a href=\"https:\/\/soundcloud.com\/jaroslaw-siwinski\/locomotive\" target=\"_blank\" rel=\"noopener\"><span class=\"Normal-C-C1\"><em>Lokomotywa<\/em><\/span><\/a> <span class=\"Normal-C-C2\" style=\"color: #f4fae6;\">na ta\u015bm\u0119 (2003)<\/span><\/li><li><a href=\"https:\/\/soundcloud.com\/jaroslaw-siwinski\/hominibus-for-orchestra\" target=\"_blank\" rel=\"noopener\"><span class=\"Normal-C-C1\"><em>Hominibus<\/em><\/span><\/a> <span class=\"Normal-C-C2\" style=\"color: #f4fae6;\">na orkiestr\u0119 (2002)<\/span><\/li><li><a href=\"https:\/\/soundcloud.com\/jaroslaw-siwinski\/piano-quintet-fragment\" target=\"_blank\" rel=\"noopener\"><span class=\"Normal-C-C1\"><em>Kwintet fortepianowy<\/em><\/span><\/a><span class=\"Normal-C-C2\" style=\"color: #f4fae6;\">\u00a0(1998)<\/span><\/li><li><a href=\"https:\/\/soundcloud.com\/jaroslaw-siwinski\/notarimbalo-for-harpsichord-and-tape-1998-fragment\" target=\"_blank\" rel=\"noopener\"><span class=\"Normal-C-C1\"><em>Notarimbalo<\/em><\/span><\/a> <span class=\"Normal-C-C2\" style=\"color: #f4fae6;\">na klawesyn i ta\u015bm\u0119 (1994)<\/span><\/li><li><a href=\"https:\/\/soundcloud.com\/jaroslaw-siwinski\/notari-e-m\" target=\"_blank\" rel=\"noopener\"><span class=\"Normal-C-C1\"><em>Notari, E. M.<\/em><\/span><\/a><span class=\"Normal-C-C2\" style=\"color: #f4fae6;\"> na ta\u015bm\u0119 (1992)<\/span><br \/><br \/><br \/><br \/><\/li><\/ul>\t\t\t\t\t\t\t\t<\/div>\n\t\t\t\t<\/div>\n\t\t\t\t\t<\/div>\n\t\t<\/div>\n\t\t\t\t\t<\/div>\n\t\t<\/section>\n\t\t\t\t<\/div>\n\t\t","protected":false},"excerpt":{"rendered":"<p>Nagrania audio HubTub na tub\u0119 i zesp\u00f3\u0142 (2016) Wycinanka na ta\u015bm\u0119 (2014) Sestetto na fortepian, kwartet smyczkowy i kontrabas (2013) Chopin Elements \u2013 Wariacja 25_12 na fortepian autonomiczny lub fortepian MIDI (2012) Czego si\u0119 boi operowa zjawa na ta\u015bm\u0119 (2010) Pie\u015bni polskie na ta\u015bm\u0119 (2006) Movement na orkiestr\u0119 (2006) Maszyna czasu na ta\u015bm\u0119 (2005) Lokomotywa&hellip;&nbsp;<a href=\"https:\/\/siwinski.art\/?page_id=50\" rel=\"bookmark\">Dowiedz si\u0119 wi\u0119cej &raquo;<span class=\"screen-reader-text\">AUDIO<\/span><\/a><\/p>\n","protected":false},"author":1,"featured_media":0,"parent":0,"menu_order":0,"comment_status":"closed","ping_status":"closed","template":"","meta":{"neve_meta_sidebar":"","neve_meta_container":"","neve_meta_enable_content_width":"","neve_meta_content_width":0,"neve_meta_title_alignment":"","neve_meta_author_avatar":"","neve_post_elements_order":"","neve_meta_disable_header":"","neve_meta_disable_footer":"","neve_meta_disable_title":"on","footnotes":""},"class_list":["post-50","page","type-page","status-publish","hentry"],"_links":{"self":[{"href":"https:\/\/siwinski.art\/index.php?rest_route=\/wp\/v2\/pages\/50","targetHints":{"allow":["GET"]}}],"collection":[{"href":"https:\/\/siwinski.art\/index.php?rest_route=\/wp\/v2\/pages"}],"about":[{"href":"https:\/\/siwinski.art\/index.php?rest_route=\/wp\/v2\/types\/page"}],"author":[{"embeddable":true,"href":"https:\/\/siwinski.art\/index.php?rest_route=\/wp\/v2\/users\/1"}],"replies":[{"embeddable":true,"href":"https:\/\/siwinski.art\/index.php?rest_route=%2Fwp%2Fv2%2Fcomments&post=50"}],"version-history":[{"count":96,"href":"https:\/\/siwinski.art\/index.php?rest_route=\/wp\/v2\/pages\/50\/revisions"}],"predecessor-version":[{"id":811,"href":"https:\/\/siwinski.art\/index.php?rest_route=\/wp\/v2\/pages\/50\/revisions\/811"}],"wp:attachment":[{"href":"https:\/\/siwinski.art\/index.php?rest_route=%2Fwp%2Fv2%2Fmedia&parent=50"}],"curies":[{"name":"wp","href":"https:\/\/api.w.org\/{rel}","templated":true}]}}