{"id":153,"date":"2022-08-12T14:35:00","date_gmt":"2022-08-12T14:35:00","guid":{"rendered":"https:\/\/siwinski.art\/?page_id=153"},"modified":"2023-06-19T11:58:58","modified_gmt":"2023-06-19T11:58:58","slug":"jaroslaw-siwinski","status":"publish","type":"page","link":"https:\/\/siwinski.art\/","title":{"rendered":"JAROS\u0141AW SIWI\u0143SKI"},"content":{"rendered":"\t\t<div data-elementor-type=\"wp-page\" data-elementor-id=\"153\" class=\"elementor elementor-153\">\n\t\t\t\t\t\t<section class=\"elementor-section elementor-top-section elementor-element elementor-element-4b7f99d elementor-section-boxed elementor-section-height-default elementor-section-height-default\" data-id=\"4b7f99d\" data-element_type=\"section\">\n\t\t\t\t\t\t<div class=\"elementor-container elementor-column-gap-default\">\n\t\t\t\t\t<div class=\"elementor-column elementor-col-100 elementor-top-column elementor-element elementor-element-1724263\" data-id=\"1724263\" data-element_type=\"column\">\n\t\t\t<div class=\"elementor-widget-wrap elementor-element-populated\">\n\t\t\t\t\t\t<div class=\"elementor-element elementor-element-cde471d elementor-widget elementor-widget-text-editor\" data-id=\"cde471d\" data-element_type=\"widget\" data-widget_type=\"text-editor.default\">\n\t\t\t\t<div class=\"elementor-widget-container\">\n\t\t\t\t\t\t\t\t\t<h4 data-wp-editing=\"1\"><span style=\"color: ##f4fae6;\"><img fetchpriority=\"high\" decoding=\"async\" class=\"alignnone wp-image-840 size-medium\" src=\"http:\/\/siwinski.art\/wp-content\/uploads\/2023\/06\/J.-Siwinski-kw.-fot.-Malgorzata-Kolcz-1-300x300.jpg\" alt=\"\" width=\"300\" height=\"300\" srcset=\"https:\/\/siwinski.art\/wp-content\/uploads\/2023\/06\/J.-Siwinski-kw.-fot.-Malgorzata-Kolcz-1-300x300.jpg 300w, https:\/\/siwinski.art\/wp-content\/uploads\/2023\/06\/J.-Siwinski-kw.-fot.-Malgorzata-Kolcz-1-150x150.jpg 150w, https:\/\/siwinski.art\/wp-content\/uploads\/2023\/06\/J.-Siwinski-kw.-fot.-Malgorzata-Kolcz-1-768x768.jpg 768w, https:\/\/siwinski.art\/wp-content\/uploads\/2023\/06\/J.-Siwinski-kw.-fot.-Malgorzata-Kolcz-1.jpg 800w\" sizes=\"(max-width: 300px) 100vw, 300px\" \/><\/span><span style=\"color: #f4fae6;\"> Jaros\u0142aw Siwi\u0144ski<br \/><\/span><\/h4><p data-wp-editing=\"1\"><span style=\"color: #f4fae6;\">Kompozytor, pianista, organizator wydarze\u0144 muzycznych. Studia pianistyczne odbywa\u0142 pod kierunkiem<\/span> <a href=\"https:\/\/culture.pl\/pl\/tworca\/kazimierz-gierzod\">prof. Kazimierza Gier\u017coda<\/a><span style=\"color: #f4fae6;\">, a kompozytorskie \u2013 <\/span><a href=\"https:\/\/culture.pl\/pl\/tworca\/wlodzimierz-kotonski\">prof. W\u0142odzimierza Koto\u0144skiego<\/a> <span style=\"color: #f4fae6;\">w<\/span> Akademii Muzycznej im. F. Chopina <span style=\"color: #f4fae6;\">(obecnie <a href=\"https:\/\/chopin.edu.pl\/\">Uniwersytet Muzyczny F. Chopina<\/a>) w Warszawie. Jako pianista i kompozytor uczestniczy\u0142 w licznych festiwalach muzyki wsp\u00f3\u0142czesnej i warsztatach kompozytorskich. Jest laureatem Mi\u0119dzynarodowego Konkursu Kompozycji Jazzowej w S\u0142upsku (1997), Mi\u0119dzynarodowego Konkursu Kompozytorskiego \u201eMuzyka i zabawa\u201d w Poznaniu (1998) a tak\u017ce Konkursu Kompozytorskiego \u201eMiko\u0142ajowe granie\u201d w Rydu\u0142towych (2011). By\u0142 stypendyst\u0105 Ministra Kultury i Dziedzictwa Narodowego, m.st. Warszawy i Stowarzyszenia Autor\u00f3w ZAiKS. W latach 90-tych, jako cz\u0142onek Grupy MM, dzia\u0142a\u0142 na pograniczu teatru, muzyki i sztuk wizualnych. Wsp\u00f3\u0142pracowa\u0142 ponadto z <\/span><a href=\"https:\/\/culture.pl\/pl\/tworca\/eugeniusz-rudnik\">Eugeniuszem Rudnikiem<\/a>, <a href=\"https:\/\/pl.wikipedia.org\/wiki\/Frederic_Rzewski\">Frederickiem Rzewskim<\/a>, <a href=\"http:\/\/www.pistoletto.it\/eng\/crono.htm\">Michelangelo Pistoletto<span style=\"color: #f4fae6;\">,<\/span><\/a><span style=\"color: #f4fae6;\"> holendersk\u0105 <\/span><a href=\"https:\/\/www.ereprijs.nl\/nl\/\">orkest de ereprijs<\/a><span style=\"color: #f4fae6;\">, duetem<\/span> <a href=\"https:\/\/contemporaryartsinternational.org\/\">Viktor Lois\/Yin Peet<\/a><span style=\"color: #f4fae6;\">,<\/span> <a href=\"https:\/\/culture.pl\/pl\/tworca\/azorro\">Grup\u0105 Azorro<\/a><span style=\"color: #f4fae6;\">, zespo\u0142em<\/span> <a href=\"https:\/\/bangonacan.org\/\">Bang On a Can<\/a>, <a href=\"https:\/\/en.wikipedia.org\/wiki\/Forbidden_City_Chamber_Orchestra\">Forbidden City Chamber Orchestra<\/a><span style=\"color: #f4fae6;\"> i innymi znakomitymi artystami. Jest autorem muzyki do film\u00f3w animowanych (m.in.<\/span> <a href=\"https:\/\/culture.pl\/pl\/tworca\/jan-lenica\">Jana Lenicy<\/a><span style=\"color: #f4fae6;\">,<\/span><a href=\"https:\/\/culture.pl\/pl\/tworca\/daniel-szczechura\"> Daniela Szczechury<\/a><span style=\"color: #f4fae6;\">,<\/span> <a href=\"https:\/\/filmpolski.pl\/fp\/index.php?osoba=1187958\">Marcina Gi\u017cyckiego<\/a><span style=\"color: #f4fae6;\">,<\/span> <a href=\"https:\/\/culture.pl\/pl\/tworca\/tomasz-kozak\">Tomasza Kozaka<\/a> <span style=\"color: #f4fae6;\">i<\/span> <a href=\"https:\/\/filmpolski.pl\/fp\/index.php?osoba=11110534\">Agnieszki Skolik<\/a><span style=\"color: #f4fae6;\">), teatru i gier komputerowych, a tak\u017ce autorem hejna\u0142u Rzeszowa. Dla pozna\u0144skiego<\/span> <a href=\"https:\/\/www.csdpoznan.pl\/\">Centrum Sztuki Dziecka<\/a> <span style=\"color: #f4fae6;\">skomponowa\u0142 kilkana\u015bcie utwor\u00f3w, w tym wiele w\u0142\u0105czaj\u0105cych publiczno\u015b\u0107 do aktywnego uczestnictwa w ich wykonywaniu. Tworzy tak\u017ce kompozycje na fortepian autonomiczny. W r. 2014 w serii<\/span><a href=\"https:\/\/www.polmic.pl\/index.php?option=com_content&amp;view=article&amp;id=2660:muzyka-polska-dzisiaj-portrety-wspoczesnych-kompozytorow-polskich&amp;catid=10&amp;Itemid=32&amp;lang=pl\"> \u201eMuzyka polska dzisiaj\u201d<\/a> <span style=\"color: #f4fae6;\">ukaza\u0142a si\u0119 jego autorska p\u0142yta CD. Jaros\u0142aw Siwi\u0144ski jest ponadto wsp\u00f3\u0142autorem i koordynatorem projekt\u00f3w edukacyjnych i koncertowych, m.in. \u201eMuzyka wsp\u00f3\u0142czesna nie gryzie\u201d, \u201eAudio Stage\u201d, \u201eObrazy z Warszawy\u201d,<\/span> <a href=\"https:\/\/autopianoforte.wixsite.com\/autopianoforte\/autopianoforte\" target=\"_blank\" rel=\"noopener\">\u201eAutoPianoForte\u201d<\/a><span style=\"color: #f4fae6;\">, \u201eObrazy z Conrada\u201d. Od 2016 r. pe\u0142ni funkcj\u0119 dyrektora artystycznego festiwalu<\/span> <a href=\"http:\/\/wsm.art.pl\/\">\u201eWarszawskie Spotkania Muzyczne\u201d<\/a><span style=\"color: #f4fae6;\">, organizowanego przez Zwi\u0105zek Kompozytor\u00f3w Polskich.<br \/><\/span> <br \/><a href=\"http:\/\/www.artpapier.com\/index.php?page=artykul&amp;wydanie=296&amp;artykul=5379\"><strong>MUZYKA INNA OD INNYCH<\/strong> <br \/>Wywiad z Jaros\u0142awem Siwi\u0144skim &#8211; Maja Baczy\u0144ska, ArtPaper 1.02.2016 r.<\/a><\/p><p><a href=\"https:\/\/www.polskieradio.pl\/106\/4564\/Artykul\/2600129%2CCzlowiek-i-maszyna-Humanistyka-i-odhumanizowanie\"><strong>CZ\u0141OWIEK I MASZYNA. HUMANISTYKA I ODHUMANIZOWANIE<\/strong> <br \/>Audycja Ewy Szczeci\u0144skiej z cyklu &#8222;Nowa Polska&#8221; &#8211; Polskie Radio Dw\u00f3jka, 14.10.2020 r.<\/a><\/p><p><a href=\"https:\/\/www.polskieradio.pl\/8\/8315\/artykul\/3116714,aurea-kompozycjainstalacja-jaroslawa-siwinskiego\"><strong>AUREA. KOMPOZYCJA-INSTALACJA JAROS\u0141AWA SIWI\u0143SKIEGO<\/strong> <br \/>Audycja Ewy Szczeci\u0144skiej z cyklu &#8222;Nowa Polska&#8221; &#8211; Polskie Radio Dw\u00f3jka, 9.02.2023 r.<\/a><\/p><p><span style=\"color: #f4fae6;\">kontakt: <\/span><a href=\"mailto:jaroslaw.siwinski@interia.pl\">jaroslaw.siwinski@interia.pl<\/a><\/p>\t\t\t\t\t\t\t\t<\/div>\n\t\t\t\t<\/div>\n\t\t\t\t\t<\/div>\n\t\t<\/div>\n\t\t\t\t\t<\/div>\n\t\t<\/section>\n\t\t\t\t<\/div>\n\t\t","protected":false},"excerpt":{"rendered":"<p>Jaros\u0142aw Siwi\u0144ski Kompozytor, pianista, organizator wydarze\u0144 muzycznych. Studia pianistyczne odbywa\u0142 pod kierunkiem prof. Kazimierza Gier\u017coda, a kompozytorskie \u2013 prof. W\u0142odzimierza Koto\u0144skiego w Akademii Muzycznej im. F. Chopina (obecnie Uniwersytet Muzyczny F. Chopina) w Warszawie. Jako pianista i kompozytor uczestniczy\u0142 w licznych festiwalach muzyki wsp\u00f3\u0142czesnej i warsztatach kompozytorskich. Jest laureatem Mi\u0119dzynarodowego Konkursu Kompozycji Jazzowej w S\u0142upsku&hellip;&nbsp;<a href=\"https:\/\/siwinski.art\/\" rel=\"bookmark\">Dowiedz si\u0119 wi\u0119cej &raquo;<span class=\"screen-reader-text\">JAROS\u0141AW SIWI\u0143SKI<\/span><\/a><\/p>\n","protected":false},"author":1,"featured_media":0,"parent":0,"menu_order":0,"comment_status":"closed","ping_status":"closed","template":"page-templates\/template-pagebuilder-full-width.php","meta":{"neve_meta_sidebar":"","neve_meta_container":"","neve_meta_enable_content_width":"","neve_meta_content_width":0,"neve_meta_title_alignment":"","neve_meta_author_avatar":"","neve_post_elements_order":"","neve_meta_disable_header":"","neve_meta_disable_footer":"","neve_meta_disable_title":"","footnotes":""},"class_list":["post-153","page","type-page","status-publish","hentry"],"_links":{"self":[{"href":"https:\/\/siwinski.art\/index.php?rest_route=\/wp\/v2\/pages\/153","targetHints":{"allow":["GET"]}}],"collection":[{"href":"https:\/\/siwinski.art\/index.php?rest_route=\/wp\/v2\/pages"}],"about":[{"href":"https:\/\/siwinski.art\/index.php?rest_route=\/wp\/v2\/types\/page"}],"author":[{"embeddable":true,"href":"https:\/\/siwinski.art\/index.php?rest_route=\/wp\/v2\/users\/1"}],"replies":[{"embeddable":true,"href":"https:\/\/siwinski.art\/index.php?rest_route=%2Fwp%2Fv2%2Fcomments&post=153"}],"version-history":[{"count":52,"href":"https:\/\/siwinski.art\/index.php?rest_route=\/wp\/v2\/pages\/153\/revisions"}],"predecessor-version":[{"id":853,"href":"https:\/\/siwinski.art\/index.php?rest_route=\/wp\/v2\/pages\/153\/revisions\/853"}],"wp:attachment":[{"href":"https:\/\/siwinski.art\/index.php?rest_route=%2Fwp%2Fv2%2Fmedia&parent=153"}],"curies":[{"name":"wp","href":"https:\/\/api.w.org\/{rel}","templated":true}]}}